{"id":40785,"date":"2025-04-21T08:52:46","date_gmt":"2025-04-21T06:52:46","guid":{"rendered":"https:\/\/tsisl.es\/?page_id=40785"},"modified":"2026-04-14T10:41:53","modified_gmt":"2026-04-14T08:41:53","slug":"politica-de-calidad","status":"publish","type":"page","link":"https:\/\/tsisl.es\/es\/politica-de-calidad\/","title":{"rendered":"Pol\u00edtica de Calidad"},"content":{"rendered":"<p>[et_pb_section fb_built=\u00bb1&#8243; _builder_version=\u00bb4.16&#8243; da_disable_devices=\u00bboff|off|off\u00bb global_colors_info=\u00bb{}\u00bb da_is_popup=\u00bboff\u00bb da_exit_intent=\u00bboff\u00bb da_has_close=\u00bbon\u00bb da_alt_close=\u00bboff\u00bb da_dark_close=\u00bboff\u00bb da_not_modal=\u00bbon\u00bb da_is_singular=\u00bboff\u00bb da_with_loader=\u00bboff\u00bb da_has_shadow=\u00bbon\u00bb][et_pb_row _builder_version=\u00bb4.16&#8243; background_size=\u00bbinitial\u00bb background_position=\u00bbtop_left\u00bb background_repeat=\u00bbrepeat\u00bb custom_padding=\u00bb23px|||||\u00bb global_colors_info=\u00bb{}\u00bb][et_pb_column type=\u00bb4_4&#8243; _builder_version=\u00bb4.16&#8243; custom_padding=\u00bb|||\u00bb global_colors_info=\u00bb{}\u00bb custom_padding__hover=\u00bb|||\u00bb][et_pb_text _builder_version=\u00bb4.27.6&#8243; text_font=\u00bbAlbert Sans||||||||\u00bb background_size=\u00bbinitial\u00bb background_position=\u00bbtop_left\u00bb background_repeat=\u00bbrepeat\u00bb custom_margin=\u00bb-10px|||||\u00bb custom_padding=\u00bb0px|||||\u00bb hover_enabled=\u00bb0&#8243; inline_fonts=\u00bbAlbert Sans\u00bb global_colors_info=\u00bb{}\u00bb sticky_enabled=\u00bb0&#8243;]<\/p>\n<h3 style=\"text-align: justify;\"><strong style=\"font-size: 29px;\" data-start=\"1900\" data-end=\"1923\">Pol\u00edtica de Calidad<\/strong><\/h3>\n<p style=\"text-align: justify;\" data-start=\"150\" data-end=\"383\">En <strong data-start=\"153\" data-end=\"160\">TSI<\/strong>, empresa con m\u00e1s de 45 a\u00f1os de experiencia en soluciones especializadas en vibraciones y ruido, tenemos como prop\u00f3sito aportar valor a la industria mediante el desarrollo y la aplicaci\u00f3n de soluciones t\u00e9cnicas avanzadas. Esta orientaci\u00f3n nos impulsa a ofrecer servicios de ingenier\u00eda de alta calidad, basados en el conocimiento, la innovaci\u00f3n y el compromiso con la mejora continua.<\/p>\n<p style=\"text-align: justify;\" data-start=\"586\" data-end=\"630\">El alcance de nuestra certificaci\u00f3n incluye: <span style=\"font-size: 16px;\">Servicios especializados de ingenier\u00eda, consultor\u00eda y formaci\u00f3n en vibraciones y ruidos. <\/span><span style=\"font-size: 16px;\">Realizaci\u00f3n de ensayos din\u00e1micos: medida, an\u00e1lisis y control. <\/span><span style=\"font-size: 16px;\">Comercializaci\u00f3n de sistemas de monitorizaci\u00f3n y servicio t\u00e9cnico.<\/span><\/p>\n<p style=\"text-align: justify;\" data-start=\"898\" data-end=\"1038\">Es responsabilidad de la Direcci\u00f3n de TSI proporcionar un modelo de calidad integral en el que se implique a todo el personal de la empresa. La Pol\u00edtica de Calidad de TSI se sustentar\u00e1 sobre los<br \/>siguientes principios generales:<\/p>\n<ul style=\"text-align: justify;\" data-start=\"1126\" data-end=\"2157\">\n<li data-section-id=\"ag13ck\" data-start=\"1126\" data-end=\"1192\">Ser coherente con la misi\u00f3n, visi\u00f3n y prop\u00f3sito de la empresa.<\/li>\n<li data-section-id=\"ag13ck\" data-start=\"1126\" data-end=\"1192\">Buscar prioritariamente la satisfacci\u00f3n de los clientes y otras partes interesadas, dando cumplimiento a las especificaciones, requisitos legales y reglamentarios, asignando para ello los<br \/>recursos que sean necesarios.<\/li>\n<li data-section-id=\"ag13ck\" data-start=\"1126\" data-end=\"1192\">Garantizar la calidad en todos los procesos, asegurando as\u00ed el mejor servicio a nuestros clientes.<\/li>\n<li data-section-id=\"ag13ck\" data-start=\"1126\" data-end=\"1192\">Promover la b\u00fasqueda constante de la satisfacci\u00f3n de los profesionales que intervienen en los procesos, atendiendo sus demandas y sugerencias.<\/li>\n<li data-section-id=\"ag13ck\" data-start=\"1126\" data-end=\"1192\">Garantizar un marco de mejora continua de los procesos con evaluaciones peri\u00f3dicas y revisi\u00f3n de objetivos.<\/li>\n<li data-section-id=\"ag13ck\" data-start=\"1126\" data-end=\"1192\">Estimular la calidad en la formaci\u00f3n y en la actividad investigadora en los profesionales, as\u00ed como el trabajo en equipo y el sentimiento corporativo.<\/li>\n<li data-section-id=\"ag13ck\" data-start=\"1126\" data-end=\"1192\">Garantizar la m\u00e1xima rentabilidad de nuestra empresa, proporcionando a nuestros clientes unos productos y servicios con una calidad que satisfaga sus necesidades.<\/li>\n<li data-section-id=\"ag13ck\" data-start=\"1126\" data-end=\"1192\">Asegurar que la pol\u00edtica de calidad est\u00e1 presente en todos los niveles de la empresa.<\/li>\n<\/ul>\n<p style=\"text-align: justify;\" data-start=\"2190\" data-end=\"2316\">Esta pol\u00edtica de calidad es el marco de referencia a partir del cual se establecen los planes y metas espec\u00edficos para cada ejercicio. Estos planes y metas son posteriormente revisados de modo regular para asegurar su adecuaci\u00f3n y cumplimiento.<\/p>\n<p style=\"text-align: justify;\" data-start=\"2190\" data-end=\"2316\">La pol\u00edtica es revisada regularmente por la Direcci\u00f3n para asegurar que su contenido es coherente con las estrategias generales y con las necesidades y expectativas de las partes interesadas.<\/p>\n<p style=\"text-align: justify;\" data-start=\"2190\" data-end=\"2316\">Para conseguir este nivel de Calidad es necesario, y as\u00ed es entendido por la Direcci\u00f3n, llegar a un compromiso y colaboraci\u00f3n total entre los departamentos y las personas que forman T\u00e9cnicas y Servicios de Ingenier\u00eda, S.L., facilitando las v\u00edas de comunicaci\u00f3n y transmitiendo nuestro deseo de competitividad interna y externa.<\/p>\n<p style=\"text-align: justify;\" data-start=\"3797\" data-end=\"3854\"><em><strong><span style=\"font-family: 'Albert Sans';\">Publio Beltr\u00e1n Palomo<\/span><\/strong><\/em><br data-start=\"3822\" data-end=\"3825\" \/><em><strong><span style=\"font-family: 'Albert Sans';\">Fundador y Director General<\/span><\/strong><\/em><\/p>\n<hr \/>\n<p style=\"text-align: justify;\"><span style=\"font-family: 'Albert Sans';\">Para ampliar m\u00e1s informaci\u00f3n y\/o necesita ponerse en contacto con nosotros, puede hacerlo a trav\u00e9s de los siguientes datos:<\/span><\/p>\n<p style=\"text-align: justify;\"><span style=\"font-family: 'Albert Sans';\"><strong>T\u00c9CNICAS Y SERVICIOS DE INGENIER\u00cdA S.L.<\/strong><\/span><\/p>\n<ul>\n<li style=\"text-align: justify;\"><span style=\"font-family: 'Albert Sans';\">CIF N\u00ba B-78065638<\/span><\/li>\n<li style=\"text-align: justify;\"><span style=\"font-family: 'Albert Sans';\">Domicilio Avda. P\u00edo XII, 44 Bajo Izda. Edificio &#8211; Pyomar Torre II <\/span><span style=\"font-family: 'Albert Sans';\">28016 &#8211; Madrid.<\/span><\/li>\n<li style=\"text-align: justify;\"><span style=\"font-family: 'Albert Sans';\">Tel\u00e9fono: 91 345 81 51 <\/span><\/li>\n<li style=\"text-align: justify;\"><span style=\"font-family: 'Albert Sans';\">Email: <strong><a href=\"mailto:tsi@tsisl.es\" target=\"_blank\" rel=\"noopener\">tsi@tsisl.es<\/a><\/strong><\/span><\/li>\n<li style=\"text-align: justify;\"><span style=\"font-family: 'Albert Sans';\">N\u00ba de inscripci\u00f3n en el Registro Mercantil de Madrid, Tomo 3745, Folio 165, Secci\u00f3n 8, hoja M-62430 <\/span><\/li>\n<li style=\"text-align: justify;\"><span style=\"font-family: 'Albert Sans';\">Inscripci\u00f3n: 1<\/span><\/li>\n<\/ul>\n<p style=\"text-align: justify;\">\n<p>[\/et_pb_text][\/et_pb_column][\/et_pb_row][\/et_pb_section]<\/p>\n<span class=\"et_bloom_bottom_trigger\"><\/span>","protected":false},"excerpt":{"rendered":"<p>Pol\u00edtica de Calidad de la Empresa T\u00e9cnicas y Servicios de Ingenier\u00eda S.A.<\/p>\n","protected":false},"author":4,"featured_media":0,"parent":0,"menu_order":0,"comment_status":"closed","ping_status":"closed","template":"","meta":{"_et_pb_use_builder":"on","_et_pb_old_content":"<h3>\u00a0<\/h3><hr \/><p>En TSI, empresa con m\u00e1s de 45 a\u00f1os de experiencia en soluciones especializadas en vibraciones y ruido, tenemos como prop\u00f3sito aportar valor a la industria mediante el desarrollo y la aplicaci\u00f3n de soluciones t\u00e9cnicas avanzadas. Esta orientaci\u00f3n nos impulsa a ofrecer servicios de ingenier\u00eda de alta calidad, basados en el conocimiento, la innovaci\u00f3n y el compromiso con la mejora continua.<\/p><p>El alcance de nuestra certificaci\u00f3n incluye: Servicios especializados de ingenier\u00eda, consultor\u00eda y formaci\u00f3n en vibraciones y ruidos. Realizaci\u00f3n de ensayos din\u00e1micos: medida, an\u00e1lisis y control. Comercializaci\u00f3n de sistemas de monitorizaci\u00f3n y servicio t\u00e9cnico.<\/p><p>Es responsabilidad de la Direcci\u00f3n de TSI proporcionar un modelo de calidad integral en el que se implique a todo el personal de la empresa. La Pol\u00edtica de Calidad de TSI se sustentar\u00e1 sobre los siguientes principios generales:<\/p><ul><li>Ser coherente con la misi\u00f3n, visi\u00f3n y prop\u00f3sito de la empresa.<\/li><li>Buscar prioritariamente la satisfacci\u00f3n de los clientes y otras partes interesadas, dando cumplimiento a las especificaciones, requisitos legales y reglamentarios, asignando para ello los recursos que sean necesarios.<\/li><li>Garantizar la calidad en todos los procesos, asegurando as\u00ed el mejor servicio a nuestros clientes.<\/li><li>Promover la b\u00fasqueda constante de la satisfacci\u00f3n de los profesionales que intervienen en los procesos, atendiendo sus demandas y sugerencias.<\/li><li>Garantizar un marco de mejora continua de los procesos con evaluaciones peri\u00f3dicas y revisi\u00f3n de objetivos.<\/li><li>Estimular la calidad en la formaci\u00f3n y en la actividad investigadora en los profesionales, as\u00ed como el trabajo en equipo y el sentimiento corporativo.<\/li><li>Garantizar la m\u00e1xima rentabilidad de nuestra empresa, proporcionando a nuestros clientes unos productos y servicios con una calidad que satisfaga sus necesidades.<\/li><li>Asegurar que la pol\u00edtica de calidad est\u00e1 presente en todos los niveles de la empresa.<\/li><\/ul><p>Esta pol\u00edtica de calidad es el marco de referencia a partir del cual se establecen los planes y metas espec\u00edficos para cada ejercicio. Estos planes y metas son posteriormente revisados de modo regular para asegurar su adecuaci\u00f3n y cumplimiento.<\/p><p>La pol\u00edtica es revisada regularmente por la Direcci\u00f3n para asegurar que su contenido es coherente con las estrategias generales y con las necesidades y expectativas de las partes interesadas.<\/p><p>Para conseguir este nivel de Calidad es necesario, y as\u00ed es entendido por la Direcci\u00f3n, llegar a un compromiso y colaboraci\u00f3n total entre los departamentos y las personas que forman T\u00e9cnicas y Servicios de Ingenier\u00eda, S.L., facilitando las v\u00edas de comunicaci\u00f3n y transmitiendo nuestro deseo de competitividad interna y externa.<\/p><p><strong><em>PUBLIO BELTR\u00c1N PALOMO<\/em><\/strong><\/p><p><em>Fundador y director general<\/em><\/p><hr \/><p>Para ampliar m\u00e1s informaci\u00f3n y\/o necesita ponerse en contacto con nosotros, puede hacerlo a trav\u00e9s de los siguientes datos:<\/p><p><strong>T\u00c9CNICAS Y SERVICIOS DE INGENIER\u00cdA S.L.<\/strong><br \/>CIF n\u00ba B-78065638<br \/>Domicilio Avda. P\u00edo XII, 44 Bajo Izda. Edificio Pyomar Torre 2.<br \/>28016 - Madrid)<br \/>Tfno.: 91.345.81.51 E-mail: <strong><a href=\"mailto:tsi@tsisl.es\" target=\"_blank\" rel=\"noopener\">tsi@tsisl.es<\/a><\/strong><br \/>N\u00ba de inscripci\u00f3n en el Registro Mercantil de Madrid, Tomo 3745, Folio 165, Secci\u00f3n 8, hoja M-62430 Inscripci\u00f3n: 1.<\/p>","_et_gb_content_width":"","footnotes":""},"class_list":["post-40785","page","type-page","status-publish","hentry"],"aioseo_notices":[],"_links":{"self":[{"href":"https:\/\/tsisl.es\/es\/wp-json\/wp\/v2\/pages\/40785","targetHints":{"allow":["GET"]}}],"collection":[{"href":"https:\/\/tsisl.es\/es\/wp-json\/wp\/v2\/pages"}],"about":[{"href":"https:\/\/tsisl.es\/es\/wp-json\/wp\/v2\/types\/page"}],"author":[{"embeddable":true,"href":"https:\/\/tsisl.es\/es\/wp-json\/wp\/v2\/users\/4"}],"replies":[{"embeddable":true,"href":"https:\/\/tsisl.es\/es\/wp-json\/wp\/v2\/comments?post=40785"}],"version-history":[{"count":6,"href":"https:\/\/tsisl.es\/es\/wp-json\/wp\/v2\/pages\/40785\/revisions"}],"predecessor-version":[{"id":43519,"href":"https:\/\/tsisl.es\/es\/wp-json\/wp\/v2\/pages\/40785\/revisions\/43519"}],"wp:attachment":[{"href":"https:\/\/tsisl.es\/es\/wp-json\/wp\/v2\/media?parent=40785"}],"curies":[{"name":"wp","href":"https:\/\/api.w.org\/{rel}","templated":true}]}}