{"id":34854,"date":"2021-11-02T10:48:23","date_gmt":"2021-11-02T09:48:23","guid":{"rendered":"https:\/\/tsisl.es\/?page_id=34854"},"modified":"2025-07-18T10:42:49","modified_gmt":"2025-07-18T08:42:49","slug":"empleo","status":"publish","type":"page","link":"https:\/\/tsisl.es\/es\/empleo\/","title":{"rendered":"Empleo"},"content":{"rendered":"<p>[et_pb_section fb_built=\u00bb1&#8243; _builder_version=\u00bb4.16&#8243; _module_preset=\u00bbdefault\u00bb background_image=\u00bbhttps:\/\/tsisl.es\/wp-content\/uploads\/2021\/11\/cabecera-empleo-ofertas-TSI-ingenieria-2.jpg\u00bb parallax=\u00bbon\u00bb width=\u00bb100%\u00bb max_width=\u00bb100%\u00bb custom_margin=\u00bb|0px||0px|false|false\u00bb da_disable_devices=\u00bboff|off|off\u00bb locked=\u00bboff\u00bb global_colors_info=\u00bb{}\u00bb da_is_popup=\u00bboff\u00bb da_exit_intent=\u00bboff\u00bb da_has_close=\u00bbon\u00bb da_alt_close=\u00bboff\u00bb da_dark_close=\u00bboff\u00bb da_not_modal=\u00bbon\u00bb da_is_singular=\u00bboff\u00bb da_with_loader=\u00bboff\u00bb da_has_shadow=\u00bbon\u00bb][et_pb_row custom_padding_last_edited=\u00bbon|phone\u00bb _builder_version=\u00bb4.16&#8243; _module_preset=\u00bbdefault\u00bb width=\u00bb60%\u00bb width_tablet=\u00bb80%\u00bb width_phone=\u00bb\u00bb width_last_edited=\u00bbon|desktop\u00bb custom_padding=\u00bb70px||70px||true|false\u00bb custom_padding_tablet=\u00bb25px||25px||true|false\u00bb custom_padding_phone=\u00bb20px||20px||true|false\u00bb global_colors_info=\u00bb{}\u00bb][et_pb_column type=\u00bb4_4&#8243; _builder_version=\u00bb4.16&#8243; _module_preset=\u00bbdefault\u00bb global_colors_info=\u00bb{}\u00bb][et_pb_image src=\u00bbhttps:\/\/tsisl.es\/wp-content\/uploads\/2021\/11\/icono-empleo-TSI.png\u00bb title_text=\u00bbicono-empleo-TSI\u00bb align=\u00bbcenter\u00bb _builder_version=\u00bb4.16&#8243; _module_preset=\u00bbdefault\u00bb width=\u00bb150px\u00bb animation_style=\u00bbslide\u00bb global_colors_info=\u00bb{}\u00bb][\/et_pb_image][et_pb_text _builder_version=\u00bb4.16&#8243; _module_preset=\u00bbdefault\u00bb text_text_color=\u00bb#FFFFFF\u00bb text_font_size=\u00bb30px\u00bb header_font=\u00bb|600|||||||\u00bb header_text_align=\u00bbcenter\u00bb header_text_color=\u00bb#FFFFFF\u00bb header_font_size=\u00bb50px\u00bb text_orientation=\u00bbcenter\u00bb animation_style=\u00bbslide\u00bb animation_direction=\u00bbleft\u00bb global_colors_info=\u00bb{}\u00bb]<\/p>\n<h1>Empleo \/ Careers<\/h1>\n<p>TSI<\/p>\n<p>[\/et_pb_text][\/et_pb_column][\/et_pb_row][\/et_pb_section][et_pb_section fb_built=\u00bb1&#8243; _builder_version=\u00bb4.16&#8243; _module_preset=\u00bbdefault\u00bb da_disable_devices=\u00bboff|off|off\u00bb global_colors_info=\u00bb{}\u00bb da_is_popup=\u00bboff\u00bb da_exit_intent=\u00bboff\u00bb da_has_close=\u00bbon\u00bb da_alt_close=\u00bboff\u00bb da_dark_close=\u00bboff\u00bb da_not_modal=\u00bbon\u00bb da_is_singular=\u00bboff\u00bb da_with_loader=\u00bboff\u00bb da_has_shadow=\u00bbon\u00bb][et_pb_row column_structure=\u00bb1_3,2_3&#8243; _builder_version=\u00bb4.27.4&#8243; _module_preset=\u00bbdefault\u00bb global_colors_info=\u00bb{}\u00bb][et_pb_column type=\u00bb1_3&#8243; _builder_version=\u00bb4.16&#8243; _module_preset=\u00bbdefault\u00bb global_colors_info=\u00bb{}\u00bb][et_pb_toggle title=\u00bbComercial\u00bb open_toggle_text_color=\u00bb#041E42&#8243; icon_color=\u00bb#64A70B\u00bb open_icon_color=\u00bb#64A70B\u00bb _builder_version=\u00bb4.16&#8243; _module_preset=\u00bbdefault\u00bb global_colors_info=\u00bb{}\u00bb]<\/p>\n<h3>Se requiere<\/h3>\n<ul>\n<li>Formaci\u00f3n universitaria grado medio o superior.<\/li>\n<li>M\u00ednimo tres (3) a\u00f1os de experiencia desarrollando actividades comerciales.<\/li>\n<li>Imprescindible aportar uno o dos idiomas a nivel de negociaci\u00f3n.<\/li>\n<li>Conocimientos del paquete Office a nivel de usuario.<\/li>\n<li>Disponibilidad para viajar.<\/li>\n<li>Carnet de conducir.<\/li>\n<\/ul>\n<p><strong>Requisitos deseados:<\/strong><\/p>\n<ul>\n<li>Conocimientos mec\u00e1nicos, t\u00e9cnicas predictivas, conocimientos de vibraciones y ruidos.<\/li>\n<li>Conocimientos de instrumentaci\u00f3n de vibraciones, equipos electr\u00f3nicos e instrumentaci\u00f3n de monitorizaci\u00f3n.<\/li>\n<li>Persona din\u00e1mica, organizada, met\u00f3dica, constante y responsable.<\/li>\n<li>Capacidad de trabajar de forma aut\u00f3noma, capacidad de interlocuci\u00f3n y an\u00e1lisis.<\/li>\n<\/ul>\n<h3>Se ofrece<\/h3>\n<ul>\n<li>Contrato Laboral estable.<\/li>\n<li>Incorporaci\u00f3n inmediata.<\/li>\n<li>Remuneraci\u00f3n acorde con val\u00eda y experiencia del candidato.<\/li>\n<li>Integraci\u00f3n en empresa de reconocido prestigio en expansi\u00f3n y equipo humano muy agradable.<\/li>\n<li>Formaci\u00f3n espec\u00edfica a cargo de la empresa.<\/li>\n<\/ul>\n<p>[\/et_pb_toggle][et_pb_toggle title=\u00bbIngeniero\/a de C\u00e1lculo\u00bb open_toggle_text_color=\u00bb#041E42&#8243; icon_color=\u00bb#64A70B\u00bb open_icon_color=\u00bb#64A70B\u00bb _builder_version=\u00bb4.16&#8243; _module_preset=\u00bbdefault\u00bb global_colors_info=\u00bb{}\u00bb]<\/p>\n<h3>Se requiere<\/h3>\n<ul>\n<li>Ingeniero Industrial T\u00e9cnico o Superior.<\/li>\n<li>Experincia en c\u00e1lculo por elementos finitos.<\/li>\n<li>Conocimientos de m\u00e1quinas y resistencia de materiales.<\/li>\n<li>Nociones de programaci\u00f3n en alg\u00fan lenguaje.<\/li>\n<li>Disponibilidad para viajar.<\/li>\n<li>Carnet de conducir.<\/li>\n<li>Conocimientos altos de ingl\u00e9s (hablado\/escrito).<\/li>\n<\/ul>\n<p><strong>Requisitos deseados:<\/strong><\/p>\n<ul>\n<li>Experincia en el campo de medida de vibraciones y ruidos.<\/li>\n<li>Manejo de colectores de datos.<\/li>\n<li>An\u00e1lisis din\u00e1mico experimental.<\/li>\n<li>Procesamiento digital de se\u00f1ales.<\/li>\n<\/ul>\n<h3>Se ofrece<\/h3>\n<ul>\n<li>Contrato Laboral estable.<\/li>\n<li>Incorporaci\u00f3n inmediata.<\/li>\n<li>Remuneraci\u00f3n acorde con val\u00eda y experiencia del candidato.<\/li>\n<li>Integraci\u00f3n en empresa de reconocido prestigio en expansi\u00f3n y equipo humano muy agradable.<\/li>\n<li>Formaci\u00f3n espec\u00edfica a cargo de la empresa.<\/li>\n<\/ul>\n<p>[\/et_pb_toggle][et_pb_toggle title=\u00bbIngeniero\/a Mec\u00e1nico y\/o Electr\u00f3nico\u00bb open_toggle_text_color=\u00bb#041E42&#8243; icon_color=\u00bb#64A70B\u00bb open_icon_color=\u00bb#64A70B\u00bb _builder_version=\u00bb4.16&#8243; _module_preset=\u00bbdefault\u00bb global_colors_info=\u00bb{}\u00bb]<\/p>\n<h3>Se requiere<\/h3>\n<ul>\n<li>Ingeniero Industrial T\u00e9cnico o Superior.<\/li>\n<li>Experincia en c\u00e1lculo por elementos finitos.<\/li>\n<li>Conocimientos de m\u00e1quinas y resistencia de materiales.<\/li>\n<li>Nociones de programaci\u00f3n en alg\u00fan lenguaje.<\/li>\n<li>Disponibilidad para viajar.<\/li>\n<li>Carnet de conducir.<\/li>\n<li>Conocimientos altos de ingl\u00e9s (hablado\/escrito).<\/li>\n<\/ul>\n<p><strong>Requisitos deseados:<\/strong><\/p>\n<ul>\n<li>Experincia en el campo de medida de vibraciones y ruidos.<\/li>\n<li>Manejo de colectores de datos.<\/li>\n<li>An\u00e1lisis din\u00e1mico experimental.<\/li>\n<li>Procesamiento digital de se\u00f1ales.<\/li>\n<\/ul>\n<h3>Se ofrece<\/h3>\n<ul>\n<li>Contrato Laboral estable.<\/li>\n<li>Incorporaci\u00f3n inmediata.<\/li>\n<li>Remuneraci\u00f3n acorde con val\u00eda y experiencia del candidato.<\/li>\n<li>Integraci\u00f3n en empresa de reconocido prestigio en expansi\u00f3n y equipo humano muy agradable.<\/li>\n<li>Formaci\u00f3n espec\u00edfica a cargo de la empresa.<\/li>\n<\/ul>\n<p>[\/et_pb_toggle][et_pb_toggle title=\u00bbSecretaria\/o Administrativo\u00bb open_toggle_text_color=\u00bb#041E42&#8243; icon_color=\u00bb#64A70B\u00bb open_icon_color=\u00bb#64A70B\u00bb _builder_version=\u00bb4.16&#8243; _module_preset=\u00bbdefault\u00bb global_colors_info=\u00bb{}\u00bb]<\/p>\n<h3>Se requiere<\/h3>\n<ul>\n<li>Formaci\u00f3n en el \u00e1rea administrativo-contable.<\/li>\n<li>Conocimientos de contabilidad, contratos, n\u00f3minas y seguridad social.<\/li>\n<li>Dominio de paquete office y navegaci\u00f3n en internet.<\/li>\n<li>Conocimientos altos de ingl\u00e9s (hablado\/escrito).<\/li>\n<\/ul>\n<p><strong>Requisitos deseados:<\/strong><\/p>\n<ul>\n<li>Experiencia previa demostrable en puesto similar.<\/li>\n<li>Capacidad resolutiva.<\/li>\n<li>Habilidades sociales.<\/li>\n<li>Planificaci\u00f3n y organizaci\u00f3n.<\/li>\n<li>Capacidad de trabajo en equipo.<\/li>\n<\/ul>\n<h3>Se ofrece<\/h3>\n<ul>\n<li>Contrato Laboral estable.<\/li>\n<li>Incorporaci\u00f3n inmediata.<\/li>\n<li>Remuneraci\u00f3n acorde con val\u00eda y experiencia del candidato.<\/li>\n<li>Integraci\u00f3n en empresa de reconocido prestigio en expansi\u00f3n y equipo humano muy agradable.<\/li>\n<li>Formaci\u00f3n espec\u00edfica a cargo de la empresa.<\/li>\n<\/ul>\n<p>[\/et_pb_toggle][et_pb_toggle title=\u00bbPr\u00e1cticas estudiantes\u00bb open_toggle_text_color=\u00bb#041E42&#8243; icon_color=\u00bb#64A70B\u00bb open_icon_color=\u00bb#64A70B\u00bb _builder_version=\u00bb4.27.4&#8243; _module_preset=\u00bbdefault\u00bb hover_enabled=\u00bb0&#8243; global_colors_info=\u00bb{}\u00bb sticky_enabled=\u00bb0&#8243;]<\/p>\n<h4 data-start=\"767\" data-end=\"784\">Se requiere:<\/h4>\n<ul data-start=\"785\" data-end=\"1301\">\n<li data-start=\"785\" data-end=\"1034\">\n<p data-start=\"787\" data-end=\"870\">Estar cursando estudios universitarios o de formaci\u00f3n profesional relacionados con:<\/p>\n<ul data-start=\"873\" data-end=\"1034\">\n<li data-start=\"873\" data-end=\"932\">\n<p data-start=\"875\" data-end=\"932\">Ingenier\u00eda, inform\u00e1tica, telecomunicaciones, electr\u00f3nica.<\/p>\n<\/li>\n<li data-start=\"935\" data-end=\"978\">\n<p data-start=\"937\" data-end=\"978\">Desarrollo de software y tecnolog\u00edas web.<\/p>\n<\/li>\n<\/ul>\n<\/li>\n<li data-start=\"1035\" data-end=\"1119\">\n<p data-start=\"1037\" data-end=\"1119\">Posibilidad de establecer un <strong data-start=\"1066\" data-end=\"1094\">convenio de colaboraci\u00f3n<\/strong> con el centro educativo.<\/p>\n<\/li>\n<li data-start=\"1120\" data-end=\"1188\">\n<p data-start=\"1122\" data-end=\"1188\">Motivaci\u00f3n por aprender en entornos t\u00e9cnicos y multidisciplinares.<\/p>\n<\/li>\n<li data-start=\"1189\" data-end=\"1252\">\n<p data-start=\"1191\" data-end=\"1252\">Conocimientos b\u00e1sicos en herramientas ofim\u00e1ticas y digitales.<\/p>\n<\/li>\n<li data-start=\"1253\" data-end=\"1301\">\n<p data-start=\"1255\" data-end=\"1301\">Capacidad de comunicaci\u00f3n y trabajo en equipo.<\/p>\n<\/li>\n<\/ul>\n<h4 data-start=\"1303\" data-end=\"1320\">Se valorar\u00e1:<\/h4>\n<ul data-start=\"1321\" data-end=\"1645\">\n<li data-start=\"1321\" data-end=\"1354\">\n<p data-start=\"1323\" data-end=\"1354\">Iniciativa y actitud proactiva.<\/p>\n<\/li>\n<li data-start=\"1355\" data-end=\"1413\">\n<p data-start=\"1357\" data-end=\"1413\">Experiencia previa en proyectos acad\u00e9micos o personales.<\/p>\n<\/li>\n<li data-start=\"1414\" data-end=\"1510\">\n<p data-start=\"1416\" data-end=\"1510\">Conocimientos espec\u00edficos en herramientas o lenguajes relacionados con el \u00e1rea (seg\u00fan perfil).<\/p>\n<\/li>\n<li data-start=\"1563\" data-end=\"1645\">\n<p data-start=\"1565\" data-end=\"1645\">Inter\u00e9s por la innovaci\u00f3n, la ingenier\u00eda aplicada y la tecnolog\u00eda con prop\u00f3sito.<\/p>\n<\/li>\n<\/ul>\n<h4 data-start=\"1647\" data-end=\"1662\">Se ofrece:<\/h4>\n<ul data-start=\"1663\" data-end=\"2034\">\n<li data-start=\"1663\" data-end=\"1730\">\n<p data-start=\"1665\" data-end=\"1730\">Incorporaci\u00f3n en proyectos reales de I+D+i y tecnolog\u00eda aplicada.<\/p>\n<\/li>\n<li data-start=\"1731\" data-end=\"1802\">\n<p data-start=\"1733\" data-end=\"1802\">Acompa\u00f1amiento por parte de un equipo t\u00e9cnico con amplia experiencia.<\/p>\n<\/li>\n<li data-start=\"1803\" data-end=\"1879\">\n<p data-start=\"1805\" data-end=\"1879\">Formaci\u00f3n pr\u00e1ctica en herramientas, metodolog\u00edas y entornos profesionales.<\/p>\n<\/li>\n<li data-start=\"1880\" data-end=\"1935\">\n<p data-start=\"1882\" data-end=\"1935\">Excelente ambiente de trabajo, colaborativo y humano.<\/p>\n<\/li>\n<\/ul>\n<p>[\/et_pb_toggle][\/et_pb_column][et_pb_column type=\u00bb2_3&#8243; _builder_version=\u00bb4.27.4&#8243; _module_preset=\u00bbdefault\u00bb global_colors_info=\u00bb{}\u00bb][et_pb_text _builder_version=\u00bb4.16&#8243; _module_preset=\u00bbdefault\u00bb global_colors_info=\u00bb{}\u00bb]Env\u00edenos sus datos y su solicitud ser\u00e1 estudiada por los responsables del Departamento de Personal de TSI. Sus datos ser\u00e1n tratados con la m\u00e1xima seriedad y discreci\u00f3n.[\/et_pb_text][et_pb_text _builder_version=\u00bb4.27.4&#8243; _module_preset=\u00bbdefault\u00bb global_colors_info=\u00bb{}\u00bb]<\/p>\n\n<div class=\"wpcf7 no-js\" id=\"wpcf7-f34871-o1\" lang=\"es-ES\" dir=\"ltr\" data-wpcf7-id=\"34871\">\n<div class=\"screen-reader-response\"><p role=\"status\" aria-live=\"polite\" aria-atomic=\"true\"><\/p> <ul><\/ul><\/div>\n<form action=\"\/es\/wp-json\/wp\/v2\/pages\/34854#wpcf7-f34871-o1\" method=\"post\" class=\"wpcf7-form init\" aria-label=\"Formulario de contacto\" enctype=\"multipart\/form-data\" novalidate=\"novalidate\" data-status=\"init\">\n<fieldset class=\"hidden-fields-container\"><input type=\"hidden\" name=\"_wpcf7\" value=\"34871\" \/><input type=\"hidden\" name=\"_wpcf7_version\" value=\"6.1.5\" \/><input type=\"hidden\" name=\"_wpcf7_locale\" value=\"es_ES\" \/><input type=\"hidden\" name=\"_wpcf7_unit_tag\" value=\"wpcf7-f34871-o1\" \/><input type=\"hidden\" name=\"_wpcf7_container_post\" value=\"0\" \/><input type=\"hidden\" name=\"_wpcf7_posted_data_hash\" value=\"\" \/><input type=\"hidden\" name=\"_wpcf7_recaptcha_response\" value=\"\" \/>\n<\/fieldset>\n<div id=\"responsive-form\" class=\"clearfix\">\n\t<div class=\"form-row\">\n\t\t<div class=\"column-third\">\n\t\t\t<p><span class=\"wpcf7-form-control-wrap\" data-name=\"your-name\"><input size=\"40\" maxlength=\"400\" class=\"wpcf7-form-control wpcf7-text wpcf7-validates-as-required\" aria-required=\"true\" aria-invalid=\"false\" placeholder=\"Nombre y Apellidos*\" value=\"\" type=\"text\" name=\"your-name\" \/><\/span>\n\t\t\t<\/p>\n\t\t<\/div>\n\t\t<div class=\"column-third\">\n\t\t\t<p><span class=\"wpcf7-form-control-wrap\" data-name=\"your-email\"><input size=\"40\" maxlength=\"400\" class=\"wpcf7-form-control wpcf7-email wpcf7-validates-as-required wpcf7-text wpcf7-validates-as-email\" aria-required=\"true\" aria-invalid=\"false\" placeholder=\"Email*\" value=\"\" type=\"email\" name=\"your-email\" \/><\/span>\n\t\t\t<\/p>\n\t\t<\/div>\n\t\t<div class=\"column-third\">\n\t\t\t<p><span class=\"wpcf7-form-control-wrap\" data-name=\"your-phone\"><input size=\"40\" maxlength=\"400\" class=\"wpcf7-form-control wpcf7-text wpcf7-validates-as-required\" aria-required=\"true\" aria-invalid=\"false\" placeholder=\"Tel\u00e9fono*\" value=\"\" type=\"text\" name=\"your-phone\" \/><\/span>\n\t\t\t<\/p>\n\t\t<\/div>\n\t<\/div>\n\t<div class=\"form-row\">\n\t\t<div class=\"column-third\">\n\t\t\t<p><span class=\"wpcf7-form-control-wrap\" data-name=\"direccion\"><input size=\"40\" maxlength=\"400\" class=\"wpcf7-form-control wpcf7-text wpcf7-validates-as-required\" aria-required=\"true\" aria-invalid=\"false\" placeholder=\"Direcci\u00f3n*\" value=\"\" type=\"text\" name=\"direccion\" \/><\/span>\n\t\t\t<\/p>\n\t\t<\/div>\n\t\t<div class=\"column-third\">\n\t\t\t<p><span class=\"wpcf7-form-control-wrap\" data-name=\"localidad\"><input size=\"40\" maxlength=\"400\" class=\"wpcf7-form-control wpcf7-text wpcf7-validates-as-required\" aria-required=\"true\" aria-invalid=\"false\" placeholder=\"Localidad*\" value=\"\" type=\"text\" name=\"localidad\" \/><\/span>\n\t\t\t<\/p>\n\t\t<\/div>\n\t\t<div class=\"column-third\">\n\t\t\t<p><span class=\"wpcf7-form-control-wrap\" data-name=\"codigopostal\"><input size=\"40\" maxlength=\"400\" class=\"wpcf7-form-control wpcf7-text wpcf7-validates-as-required\" aria-required=\"true\" aria-invalid=\"false\" placeholder=\"C\u00f3digo Postal*\" value=\"\" type=\"text\" name=\"codigopostal\" \/><\/span>\n\t\t\t<\/p>\n\t\t<\/div>\n\t<\/div>\n\t<div class=\"form-row\">\n\t\t<div class=\"column-third\">\n\t\t\t<p><span class=\"wpcf7-form-control-wrap\" data-name=\"provincia\"><input size=\"40\" maxlength=\"400\" class=\"wpcf7-form-control wpcf7-text wpcf7-validates-as-required\" aria-required=\"true\" aria-invalid=\"false\" placeholder=\"Provincia*\" value=\"\" type=\"text\" name=\"provincia\" \/><\/span>\n\t\t\t<\/p>\n\t\t<\/div>\n\t\t<div class=\"column-third\">\n\t\t\t<p><span class=\"wpcf7-form-control-wrap\" data-name=\"estudios\"><input size=\"40\" maxlength=\"400\" class=\"wpcf7-form-control wpcf7-text wpcf7-validates-as-required\" aria-required=\"true\" aria-invalid=\"false\" placeholder=\"Estudios*\" value=\"\" type=\"text\" name=\"estudios\" \/><\/span>\n\t\t\t<\/p>\n\t\t<\/div>\n\t\t<div class=\"column-third\">\n\t\t\t<p><span class=\"wpcf7-form-control-wrap\" data-name=\"titulacion\"><input size=\"40\" maxlength=\"400\" class=\"wpcf7-form-control wpcf7-text wpcf7-validates-as-required\" aria-required=\"true\" aria-invalid=\"false\" placeholder=\"Titulaci\u00f3n*\" value=\"\" type=\"text\" name=\"titulacion\" \/><\/span>\n\t\t\t<\/p>\n\t\t<\/div>\n\t<\/div>\n\t<div class=\"form-row\">\n\t\t<div class=\"column-full\">\n\t\t\t<p><label>Seleccione la oferta<\/label><span class=\"wpcf7-form-control-wrap\" data-name=\"oferta\"><select class=\"wpcf7-form-control wpcf7-select\" aria-invalid=\"false\" multiple=\"multiple\" name=\"oferta[]\"><option value=\"Comercial\">Comercial<\/option><option value=\"Ingeniero de C\u00e1lculo\">Ingeniero de C\u00e1lculo<\/option><option value=\"Ingeniero Mec\u00e1nico\/Electr\u00f3nico\">Ingeniero Mec\u00e1nico\/Electr\u00f3nico<\/option><option value=\"Secretario\/a Administrativo\/a\">Secretario\/a Administrativo\/a<\/option><option value=\"Pr\u00e1cticas estudiantes\">Pr\u00e1cticas estudiantes<\/option><\/select><\/span>\n\t\t\t<\/p>\n\t\t<\/div>\n\t<\/div>\n\t<div class=\"form-row\">\n\t\t<div class=\"column-full\">\n\t\t\t<p><label>Si lo desea puedes enviarnos su curriculum (formatos admitidos: pdf, doc, docx) <\/label><span class=\"wpcf7-form-control-wrap\" data-name=\"adjunto\"><input size=\"40\" class=\"wpcf7-form-control wpcf7-file\" accept=\".pdf,.doc,.docx\" aria-invalid=\"false\" type=\"file\" name=\"adjunto\" \/><\/span>\n\t\t\t<\/p>\n\t\t<\/div>\n\t<\/div>\n\t<div class=\"form-row\">\n\t\t<div class=\"column-full\">\n\t\t\t<p><span class=\"wpcf7-form-control-wrap\" data-name=\"your-message\"><textarea cols=\"40\" rows=\"10\" maxlength=\"2000\" class=\"wpcf7-form-control wpcf7-textarea\" aria-invalid=\"false\" placeholder=\"Tu Mensaje\" name=\"your-message\"><\/textarea><\/span>\n\t\t\t<\/p>\n\t\t<\/div>\n\t<\/div>\n\t<div class=\"form-row\">\n\t\t<div class=\"column-full\">\n\t\t\t<p><span class=\"wpcf7-form-control-wrap\" data-name=\"aceptacion-privacidad\"><span class=\"wpcf7-form-control wpcf7-acceptance\"><span class=\"wpcf7-list-item\"><input type=\"checkbox\" name=\"aceptacion-privacidad\" value=\"1\" aria-invalid=\"false\" \/><\/span><\/span><\/span> Marcando esta casilla, declaras que has le\u00eddo y aceptas el tratamiento de tus datos con las finalidades descritas en nuestra <a target=\"_blank\" href=\"https:\/\/tsisl.es\/es\/politica-de-privacidad\/\">Pol\u00edtica de Privacidad<\/a>.\n\t\t\t<\/p>\n\t\t<\/div>\n\t<\/div>\n\t<div class=\"form-row\">\n\t\t<div class=\"column-full\">\n\t\t\t<p><span class=\"wpcf7-form-control-wrap\" data-name=\"aceptacion-marketing\"><span class=\"wpcf7-form-control wpcf7-acceptance\"><span class=\"wpcf7-list-item\"><input type=\"checkbox\" name=\"aceptacion-marketing\" value=\"1\" aria-invalid=\"false\" \/><\/span><\/span><\/span> Marcando esta casilla, aceptas recibir comunicaciones comerciales relacionadas con nuestra entidad a trav\u00e9s del tel\u00e9fono, correo postal ordinario, fax, correo electr\u00f3nico o medios de comunicaci\u00f3n electr\u00f3nica equivalentes.\n\t\t\t<\/p>\n\t\t<\/div>\n\t<\/div>\n\t<div class=\"form-row\">\n\t\t<div class=\"column-full\">\n\t\t\t<p><input class=\"wpcf7-form-control wpcf7-submit has-spinner\" type=\"submit\" value=\"Enviar\" \/>\n\t\t\t<\/p>\n\t\t<\/div>\n\t<\/div>\n<\/div><!--end responsive-form--><div class=\"wpcf7-response-output\" aria-hidden=\"true\"><\/div>\n<\/form>\n<\/div>\n\n<p>[\/et_pb_text][\/et_pb_column][\/et_pb_row][\/et_pb_section]<\/p>\n<span class=\"et_bloom_bottom_trigger\"><\/span>","protected":false},"excerpt":{"rendered":"<p>Empleo \/ Careers TSISe requiere Formaci\u00f3n universitaria grado medio o superior. M\u00ednimo tres (3) a\u00f1os de experiencia desarrollando actividades comerciales. Imprescindible aportar uno o dos idiomas a nivel de negociaci\u00f3n. Conocimientos del paquete Office a nivel de usuario. Disponibilidad para viajar. Carnet de conducir. Requisitos deseados: Conocimientos mec\u00e1nicos, t\u00e9cnicas predictivas, conocimientos de vibraciones y ruidos. [&hellip;]<\/p>\n","protected":false},"author":4,"featured_media":0,"parent":0,"menu_order":0,"comment_status":"closed","ping_status":"closed","template":"","meta":{"_et_pb_use_builder":"on","_et_pb_old_content":"","_et_gb_content_width":"","footnotes":""},"class_list":["post-34854","page","type-page","status-publish","hentry"],"aioseo_notices":[],"_links":{"self":[{"href":"https:\/\/tsisl.es\/es\/wp-json\/wp\/v2\/pages\/34854","targetHints":{"allow":["GET"]}}],"collection":[{"href":"https:\/\/tsisl.es\/es\/wp-json\/wp\/v2\/pages"}],"about":[{"href":"https:\/\/tsisl.es\/es\/wp-json\/wp\/v2\/types\/page"}],"author":[{"embeddable":true,"href":"https:\/\/tsisl.es\/es\/wp-json\/wp\/v2\/users\/4"}],"replies":[{"embeddable":true,"href":"https:\/\/tsisl.es\/es\/wp-json\/wp\/v2\/comments?post=34854"}],"version-history":[{"count":10,"href":"https:\/\/tsisl.es\/es\/wp-json\/wp\/v2\/pages\/34854\/revisions"}],"predecessor-version":[{"id":41723,"href":"https:\/\/tsisl.es\/es\/wp-json\/wp\/v2\/pages\/34854\/revisions\/41723"}],"wp:attachment":[{"href":"https:\/\/tsisl.es\/es\/wp-json\/wp\/v2\/media?parent=34854"}],"curies":[{"name":"wp","href":"https:\/\/api.w.org\/{rel}","templated":true}]}}