{"id":2065,"date":"2021-08-10T08:25:15","date_gmt":"2021-08-10T08:25:15","guid":{"rendered":"https:\/\/tsisl.magicalwebstudio.com\/?page_id=2065"},"modified":"2021-11-03T15:23:13","modified_gmt":"2021-11-03T14:23:13","slug":"servicios","status":"publish","type":"page","link":"https:\/\/tsisl.es\/es\/servicios\/","title":{"rendered":"Servicios"},"content":{"rendered":"<p>[et_pb_section fb_built=\u00bb1&#8243; _builder_version=\u00bb4.12.0&#8243; _module_preset=\u00bbdefault\u00bb background_image=\u00bbhttps:\/\/tsisl.es\/wp-content\/uploads\/2021\/08\/tsi-tecnica-servicios-ingenieria-2.jpg\u00bb parallax=\u00bbon\u00bb width=\u00bb100%\u00bb max_width=\u00bb100%\u00bb custom_margin=\u00bb|0px||0px|false|false\u00bb hover_enabled=\u00bb0&#8243; locked=\u00bboff\u00bb global_colors_info=\u00bb{}\u00bb sticky_enabled=\u00bb0&#8243;][et_pb_row custom_padding_last_edited=\u00bbon|phone\u00bb _builder_version=\u00bb4.9.7&#8243; _module_preset=\u00bbdefault\u00bb width=\u00bb60%\u00bb width_tablet=\u00bb80%\u00bb width_phone=\u00bb\u00bb width_last_edited=\u00bbon|desktop\u00bb custom_padding=\u00bb80px||80px||true|false\u00bb custom_padding_tablet=\u00bb25px||25px||true|false\u00bb custom_padding_phone=\u00bb20px||20px||true|false\u00bb global_colors_info=\u00bb{}\u00bb][et_pb_column type=\u00bb4_4&#8243; _builder_version=\u00bb4.9.7&#8243; _module_preset=\u00bbdefault\u00bb global_colors_info=\u00bb{}\u00bb][et_pb_image src=\u00bbhttps:\/\/tsisl.es\/wp-content\/uploads\/2021\/08\/iTSI_equipo.png\u00bb title_text=\u00bbiTSI_equipo\u00bb align=\u00bbcenter\u00bb _builder_version=\u00bb4.9.7&#8243; _module_preset=\u00bbdefault\u00bb width=\u00bb150px\u00bb animation_style=\u00bbslide\u00bb global_colors_info=\u00bb{}\u00bb][\/et_pb_image][et_pb_text _builder_version=\u00bb4.9.7&#8243; _module_preset=\u00bbdefault\u00bb header_font=\u00bb|600|||||||\u00bb header_text_align=\u00bbcenter\u00bb header_text_color=\u00bb#FFFFFF\u00bb header_font_size=\u00bb50px\u00bb animation_style=\u00bbslide\u00bb animation_direction=\u00bbleft\u00bb global_colors_info=\u00bb{}\u00bb]<\/p>\n<h1>Servicios TSI<\/h1>\n<p>[\/et_pb_text][et_pb_text _builder_version=\u00bb4.12.0&#8243; _module_preset=\u00bbdefault\u00bb text_font_size=\u00bb22px\u00bb text_orientation=\u00bbcenter\u00bb background_layout=\u00bbdark\u00bb custom_padding=\u00bb15px||15px||true|false\u00bb animation_style=\u00bbslide\u00bb animation_direction=\u00bbright\u00bb hover_enabled=\u00bb0&#8243; global_colors_info=\u00bb{}\u00bb background_enable_color=\u00bboff\u00bb sticky_enabled=\u00bb0&#8243;]<\/p>\n<p>Consolidados en el Mercado de las Ingenier\u00edas Especializadas<\/p>\n<p>[\/et_pb_text][\/et_pb_column][\/et_pb_row][\/et_pb_section][et_pb_section fb_built=\u00bb1&#8243; custom_padding_last_edited=\u00bbon|phone\u00bb _builder_version=\u00bb4.11.3&#8243; _module_preset=\u00bbdefault\u00bb background_color=\u00bbrgba(4,30,66,0.65)\u00bb background_image=\u00bbhttps:\/\/tsisl.es\/wp-content\/uploads\/2021\/08\/analisis-causa-raiz-consultoria-averias-12.jpg\u00bb background_blend=\u00bbmultiply\u00bb custom_padding=\u00bb||100px||false|false\u00bb custom_padding_tablet=\u00bb\u00bb custom_padding_phone=\u00bb\u00bb bottom_divider_style=\u00bbmountains\u00bb bottom_divider_color=\u00bb#FFFFFF\u00bb bottom_divider_flip=\u00bbhorizontal\u00bb locked=\u00bboff\u00bb global_colors_info=\u00bb{}\u00bb][et_pb_row _builder_version=\u00bb4.9.7&#8243; _module_preset=\u00bbdefault\u00bb global_colors_info=\u00bb{}\u00bb][et_pb_column type=\u00bb4_4&#8243; _builder_version=\u00bb4.9.7&#8243; _module_preset=\u00bbdefault\u00bb global_colors_info=\u00bb{}\u00bb][et_pb_text _builder_version=\u00bb4.9.7&#8243; _module_preset=\u00bbdefault\u00bb text_orientation=\u00bbcenter\u00bb background_layout=\u00bbdark\u00bb global_colors_info=\u00bb{}\u00bb]<\/p>\n<h3>Servicios TSI: En TSI ayudamos a garantizar la fiabilidad de los activos.<\/h3>\n<p>[\/et_pb_text][\/et_pb_column][\/et_pb_row][\/et_pb_section][et_pb_section fb_built=\u00bb1&#8243; _builder_version=\u00bb4.9.7&#8243; _module_preset=\u00bbdefault\u00bb use_background_color_gradient=\u00bbon\u00bb background_color_gradient_start=\u00bb#ffffff\u00bb background_color_gradient_end=\u00bbrgba(255,255,255,0)\u00bb background_image=\u00bbhttps:\/\/tsisl.es\/wp-content\/uploads\/2021\/08\/tsi-tecnica-servicios-ingenieria-3.jpg\u00bb background_blend=\u00bboverlay\u00bb global_colors_info=\u00bb{}\u00bb][et_pb_row _builder_version=\u00bb4.9.7&#8243; _module_preset=\u00bbdefault\u00bb custom_margin=\u00bb||0px||false|false\u00bb custom_padding=\u00bb||0px||false|false\u00bb locked=\u00bboff\u00bb global_colors_info=\u00bb{}\u00bb][et_pb_column type=\u00bb4_4&#8243; _builder_version=\u00bb4.9.7&#8243; _module_preset=\u00bbdefault\u00bb global_colors_info=\u00bb{}\u00bb][et_pb_text _builder_version=\u00bb4.9.7&#8243; _module_preset=\u00bbdefault\u00bb header_font=\u00bb|600|||||||\u00bb header_text_color=\u00bb#64A70B\u00bb header_2_text_color=\u00bb#64A70B\u00bb header_3_font=\u00bb||||||||\u00bb header_3_text_color=\u00bb#64A70B\u00bb custom_margin=\u00bb||0px||false|false\u00bb animation_style=\u00bbfade\u00bb global_colors_info=\u00bb{}\u00bb]<\/p>\n<h3>Servicios Especializados<\/h3>\n<p>[\/et_pb_text][et_pb_divider color=\u00bb#041E42&#8243; divider_weight=\u00bb2px\u00bb _builder_version=\u00bb4.9.7&#8243; _module_preset=\u00bbdefault\u00bb custom_margin=\u00bb0px||-17px||false|false\u00bb custom_padding=\u00bb0px||0px||false|false\u00bb animation_style=\u00bbslide\u00bb animation_direction=\u00bbleft\u00bb global_colors_info=\u00bb{}\u00bb][\/et_pb_divider][et_pb_divider color=\u00bb#64A70B\u00bb divider_weight=\u00bb10px\u00bb _builder_version=\u00bb4.9.7&#8243; _module_preset=\u00bbdefault\u00bb custom_margin=\u00bb0px||||false|false\u00bb custom_padding=\u00bb0px||||false|false\u00bb animation_style=\u00bbslide\u00bb animation_direction=\u00bbright\u00bb global_colors_info=\u00bb{}\u00bb][\/et_pb_divider][et_pb_text _builder_version=\u00bb4.12.0&#8243; _module_preset=\u00bbdefault\u00bb custom_margin=\u00bb||0px||false|false\u00bb custom_padding=\u00bb||0px||false|false\u00bb animation_style=\u00bbfade\u00bb hover_enabled=\u00bb0&#8243; global_colors_info=\u00bb{}\u00bb text_orientation=\u00bbjustified\u00bb sticky_enabled=\u00bb0&#8243;]<\/p>\n<p><strong>TSI<\/strong> es una <strong>Empresa de referencia a Nivel Internacional<\/strong>, con m\u00e1s de treinta y seis a\u00f1os de experiencia ofreciendo <strong>Soluciones en Vibraciones y Ruido<\/strong> y reconocido prestigio en los <strong>Sectores Industrial \/ Petr\u00f3leo &amp; Gas, Generaci\u00f3n de Energ\u00eda y Naval.<\/strong><\/p>\n<p>[\/et_pb_text][\/et_pb_column][\/et_pb_row][et_pb_row column_structure=\u00bb1_2,1_2&#8243; _builder_version=\u00bb4.12.0&#8243; _module_preset=\u00bbdefault\u00bb global_colors_info=\u00bb{}\u00bb][et_pb_column type=\u00bb1_2&#8243; _builder_version=\u00bb4.12.0&#8243; _module_preset=\u00bbdefault\u00bb background_color=\u00bbrgba(0,0,0,0.55)\u00bb background_image=\u00bbhttps:\/\/tsisl.es\/wp-content\/uploads\/2021\/08\/calculo-simulacion-modelos-datos-experimentales-3.jpg\u00bb background_blend=\u00bbmultiply\u00bb custom_padding=\u00bb100px|100px|100px|100px|true|true\u00bb custom_padding_tablet=\u00bb\u00bb custom_padding_phone=\u00bb50px|50px|50px|50px|true|true\u00bb custom_padding_last_edited=\u00bbon|phone\u00bb animation_style=\u00bbslide\u00bb global_colors_info=\u00bb{}\u00bb background__hover_enabled=\u00bbon|desktop\u00bb background_color__hover=\u00bbrgba(0,0,0,0.9)\u00bb background_enable_color__hover=\u00bbon\u00bb][et_pb_text _builder_version=\u00bb4.9.7&#8243; _module_preset=\u00bbdefault\u00bb background_layout=\u00bbdark\u00bb global_colors_info=\u00bb{}\u00bb]<\/p>\n<h3>C\u00e1lculo y Simulaci\u00f3n<\/h3>\n<p>[\/et_pb_text][et_pb_button button_url=\u00bbhttps:\/\/tsisl.es\/es\/servicio\/calculo-y-simulacion\/\u00bb button_text=\u00bbM\u00e1s Informaci\u00f3n\u00bb _builder_version=\u00bb4.11.3&#8243; _module_preset=\u00bbdefault\u00bb global_colors_info=\u00bb{}\u00bb][\/et_pb_button][\/et_pb_column][et_pb_column type=\u00bb1_2&#8243; _builder_version=\u00bb4.12.0&#8243; _module_preset=\u00bbdefault\u00bb background_color=\u00bbrgba(0,0,0,0.55)\u00bb background_image=\u00bbhttps:\/\/tsisl.es\/wp-content\/uploads\/2021\/08\/medidas-ensayos-ingenierias-especializadas-1.jpg\u00bb background_blend=\u00bbmultiply\u00bb custom_padding=\u00bb100px|100px|100px|100px|true|true\u00bb custom_padding_tablet=\u00bb\u00bb custom_padding_phone=\u00bb50px|50px|50px|50px|true|true\u00bb custom_padding_last_edited=\u00bbon|phone\u00bb animation_style=\u00bbslide\u00bb animation_delay=\u00bb200ms\u00bb global_colors_info=\u00bb{}\u00bb background__hover_enabled=\u00bbon|desktop\u00bb background_color__hover=\u00bbrgba(0,0,0,0.9)\u00bb background_enable_color__hover=\u00bbon\u00bb][et_pb_text _builder_version=\u00bb4.9.7&#8243; _module_preset=\u00bbdefault\u00bb background_layout=\u00bbdark\u00bb global_colors_info=\u00bb{}\u00bb]<\/p>\n<h3>Medidas y Ensayos<\/h3>\n<p>[\/et_pb_text][et_pb_button button_url=\u00bbhttps:\/\/tsisl.es\/es\/servicio\/medidas-y-ensayos\/\u00bb button_text=\u00bbM\u00e1s Informaci\u00f3n\u00bb _builder_version=\u00bb4.10.4&#8243; _module_preset=\u00bbdefault\u00bb global_colors_info=\u00bb{}\u00bb][\/et_pb_button][\/et_pb_column][\/et_pb_row][et_pb_row column_structure=\u00bb1_2,1_2&#8243; _builder_version=\u00bb4.12.0&#8243; _module_preset=\u00bbdefault\u00bb global_colors_info=\u00bb{}\u00bb][et_pb_column type=\u00bb1_2&#8243; _builder_version=\u00bb4.12.0&#8243; _module_preset=\u00bbdefault\u00bb background_color=\u00bbrgba(0,0,0,0.55)\u00bb background_image=\u00bbhttps:\/\/tsisl.es\/wp-content\/uploads\/2021\/08\/tsi-tecnica-servicios-ingenieria-4.jpg\u00bb background_blend=\u00bbmultiply\u00bb custom_padding=\u00bb100px|100px|100px|100px|true|true\u00bb custom_padding_tablet=\u00bb\u00bb custom_padding_phone=\u00bb50px|50px|50px|50px|true|true\u00bb custom_padding_last_edited=\u00bbon|phone\u00bb animation_style=\u00bbslide\u00bb global_colors_info=\u00bb{}\u00bb background__hover_enabled=\u00bbon|desktop\u00bb background_color__hover=\u00bbrgba(0,0,0,0.9)\u00bb background_enable_color__hover=\u00bbon\u00bb][et_pb_text _builder_version=\u00bb4.9.7&#8243; _module_preset=\u00bbdefault\u00bb background_layout=\u00bbdark\u00bb global_colors_info=\u00bb{}\u00bb]<\/p>\n<h3>An\u00e1lisis Causa-Ra\u00edz<\/h3>\n<p>[\/et_pb_text][et_pb_button button_url=\u00bbhttps:\/\/tsisl.es\/es\/servicio\/analisis-causa-raiz\/\u00bb button_text=\u00bbM\u00e1s Informaci\u00f3n\u00bb _builder_version=\u00bb4.10.4&#8243; _module_preset=\u00bbdefault\u00bb global_colors_info=\u00bb{}\u00bb][\/et_pb_button][\/et_pb_column][et_pb_column type=\u00bb1_2&#8243; _builder_version=\u00bb4.12.0&#8243; _module_preset=\u00bbdefault\u00bb background_color=\u00bbrgba(0,0,0,0.1)\u00bb background_image=\u00bbhttps:\/\/tsisl.es\/wp-content\/uploads\/2021\/08\/digitalizacion-mantenimiento-3.jpg\u00bb background_blend=\u00bbmultiply\u00bb custom_padding=\u00bb100px|100px|100px|100px|true|true\u00bb custom_padding_tablet=\u00bb\u00bb custom_padding_phone=\u00bb50px|50px|50px|50px|true|true\u00bb custom_padding_last_edited=\u00bbon|phone\u00bb animation_style=\u00bbslide\u00bb animation_delay=\u00bb200ms\u00bb global_colors_info=\u00bb{}\u00bb background__hover_enabled=\u00bbon|hover\u00bb background_color__hover=\u00bbrgba(0,0,0,0.69)\u00bb background_enable_color__hover=\u00bbon\u00bb][et_pb_text _builder_version=\u00bb4.9.7&#8243; _module_preset=\u00bbdefault\u00bb background_layout=\u00bbdark\u00bb global_colors_info=\u00bb{}\u00bb]<\/p>\n<h3>Mantenimiento 4.0<\/h3>\n<p>[\/et_pb_text][et_pb_button button_url=\u00bbhttps:\/\/tsisl.es\/es\/servicio\/mantenimiento-4-0\/\u00bb button_text=\u00bbM\u00e1s Informaci\u00f3n\u00bb _builder_version=\u00bb4.10.4&#8243; _module_preset=\u00bbdefault\u00bb global_colors_info=\u00bb{}\u00bb][\/et_pb_button][\/et_pb_column][\/et_pb_row][\/et_pb_section][et_pb_section fb_built=\u00bb1&#8243; _builder_version=\u00bb4.9.7&#8243; _module_preset=\u00bbdefault\u00bb background_color=\u00bbrgba(4,30,66,0.65)\u00bb background_image=\u00bbhttps:\/\/tsisl.es\/wp-content\/uploads\/2021\/08\/analisis-causa-raiz-consultoria-averias-12.jpg\u00bb background_blend=\u00bbmultiply\u00bb top_divider_style=\u00bbmountains\u00bb top_divider_color=\u00bb#FFFFFF\u00bb top_divider_flip=\u00bbhorizontal\u00bb bottom_divider_color=\u00bb#FFFFFF\u00bb bottom_divider_flip=\u00bbhorizontal\u00bb locked=\u00bboff\u00bb global_colors_info=\u00bb{}\u00bb][et_pb_row _builder_version=\u00bb4.9.7&#8243; _module_preset=\u00bbdefault\u00bb custom_padding=\u00bb||||false|false\u00bb global_colors_info=\u00bb{}\u00bb][et_pb_column type=\u00bb4_4&#8243; _builder_version=\u00bb4.9.7&#8243; _module_preset=\u00bbdefault\u00bb global_colors_info=\u00bb{}\u00bb][et_pb_text _builder_version=\u00bb4.9.10&#8243; _module_preset=\u00bbdefault\u00bb text_orientation=\u00bbcenter\u00bb background_layout=\u00bbdark\u00bb custom_margin=\u00bb||0px||false|false\u00bb custom_padding=\u00bb50px||0px||false|false\u00bb global_colors_info=\u00bb{}\u00bb]<\/p>\n<h4><span>Nuestros\u00a0<strong>Servicios Especializados en Simulaci\u00f3n, An\u00e1lisis Din\u00e1mico Anal\u00edtico y Experimental y Desarrollo de Medidas Especiales<\/strong>, nos han permitido dar soporte y apoyo en todos los sectores estrat\u00e9gicos tanto en las etapas iniciales de dise\u00f1o como en las de explotaci\u00f3n<\/span><\/h4>\n<p>[\/et_pb_text][\/et_pb_column][\/et_pb_row][\/et_pb_section]<\/p>\n<span class=\"et_bloom_bottom_trigger\"><\/span>","protected":false},"excerpt":{"rendered":"<p>Servicios TSIConsolidados en el Mercado de las Ingenier\u00edas EspecializadasServicios TSI: En TSI ayudamos a garantizar la fiabilidad de los activos.Servicios EspecializadosTSI es una Empresa de referencia a Nivel Internacional, con m\u00e1s de treinta y seis a\u00f1os de experiencia ofreciendo Soluciones en Vibraciones y Ruido y reconocido prestigio en los Sectores Industrial \/ Petr\u00f3leo &amp; Gas, [&hellip;]<\/p>\n","protected":false},"author":4,"featured_media":0,"parent":0,"menu_order":0,"comment_status":"closed","ping_status":"closed","template":"","meta":{"_et_pb_use_builder":"on","_et_pb_old_content":"","_et_gb_content_width":"","footnotes":""},"class_list":["post-2065","page","type-page","status-publish","hentry"],"aioseo_notices":[],"_links":{"self":[{"href":"https:\/\/tsisl.es\/es\/wp-json\/wp\/v2\/pages\/2065","targetHints":{"allow":["GET"]}}],"collection":[{"href":"https:\/\/tsisl.es\/es\/wp-json\/wp\/v2\/pages"}],"about":[{"href":"https:\/\/tsisl.es\/es\/wp-json\/wp\/v2\/types\/page"}],"author":[{"embeddable":true,"href":"https:\/\/tsisl.es\/es\/wp-json\/wp\/v2\/users\/4"}],"replies":[{"embeddable":true,"href":"https:\/\/tsisl.es\/es\/wp-json\/wp\/v2\/comments?post=2065"}],"version-history":[{"count":10,"href":"https:\/\/tsisl.es\/es\/wp-json\/wp\/v2\/pages\/2065\/revisions"}],"predecessor-version":[{"id":34885,"href":"https:\/\/tsisl.es\/es\/wp-json\/wp\/v2\/pages\/2065\/revisions\/34885"}],"wp:attachment":[{"href":"https:\/\/tsisl.es\/es\/wp-json\/wp\/v2\/media?parent=2065"}],"curies":[{"name":"wp","href":"https:\/\/api.w.org\/{rel}","templated":true}]}}