{"id":34873,"date":"2021-11-03T13:35:04","date_gmt":"2021-11-03T12:35:04","guid":{"rendered":"https:\/\/tsisl.es\/careers\/"},"modified":"2023-03-30T14:03:57","modified_gmt":"2023-03-30T12:03:57","slug":"careers","status":"publish","type":"page","link":"https:\/\/tsisl.es\/en\/careers\/","title":{"rendered":"Careers"},"content":{"rendered":"<p>[et_pb_section fb_built=&#8221;1&#8243; _builder_version=&#8221;4.16&#8243; _module_preset=&#8221;default&#8221; background_image=&#8221;https:\/\/tsisl.es\/wp-content\/uploads\/2021\/11\/cabecera-empleo-ofertas-TSI-ingenieria-2.jpg&#8221; parallax=&#8221;on&#8221; width=&#8221;100%&#8221; max_width=&#8221;100%&#8221; custom_margin=&#8221;|0px||0px|false|false&#8221; locked=&#8221;off&#8221; global_colors_info=&#8221;{}&#8221;][et_pb_row custom_padding_last_edited=&#8221;on|phone&#8221; _builder_version=&#8221;4.16&#8243; _module_preset=&#8221;default&#8221; width=&#8221;60%&#8221; width_tablet=&#8221;80%&#8221; width_phone=&#8221;&#8221; width_last_edited=&#8221;on|desktop&#8221; custom_padding=&#8221;70px||70px||true|false&#8221; custom_padding_tablet=&#8221;25px||25px||true|false&#8221; custom_padding_phone=&#8221;20px||20px||true|false&#8221; global_colors_info=&#8221;{}&#8221;][et_pb_column type=&#8221;4_4&#8243; _builder_version=&#8221;4.16&#8243; _module_preset=&#8221;default&#8221; global_colors_info=&#8221;{}&#8221;][et_pb_image src=&#8221;https:\/\/tsisl.es\/wp-content\/uploads\/2021\/11\/icono-empleo-TSI.png&#8221; title_text=&#8221;icono-empleo-TSI&#8221; align=&#8221;center&#8221; _builder_version=&#8221;4.16&#8243; _module_preset=&#8221;default&#8221; width=&#8221;150px&#8221; animation_style=&#8221;slide&#8221; global_colors_info=&#8221;{}&#8221;][\/et_pb_image][et_pb_text _builder_version=&#8221;4.16&#8243; _module_preset=&#8221;default&#8221; text_text_color=&#8221;#FFFFFF&#8221; text_font_size=&#8221;30px&#8221; header_font=&#8221;|600|||||||&#8221; header_text_align=&#8221;center&#8221; header_text_color=&#8221;#FFFFFF&#8221; header_font_size=&#8221;50px&#8221; text_orientation=&#8221;center&#8221; animation_style=&#8221;slide&#8221; animation_direction=&#8221;left&#8221; global_colors_info=&#8221;{}&#8221;]<\/p>\n<h1>Careers<\/h1>\n<p>TSI<\/p>\n<p>[\/et_pb_text][\/et_pb_column][\/et_pb_row][\/et_pb_section][et_pb_section fb_built=&#8221;1&#8243; _builder_version=&#8221;4.16&#8243; _module_preset=&#8221;default&#8221; global_colors_info=&#8221;{}&#8221;][et_pb_row column_structure=&#8221;1_3,2_3&#8243; _builder_version=&#8221;4.16&#8243; _module_preset=&#8221;default&#8221; global_colors_info=&#8221;{}&#8221;][et_pb_column type=&#8221;1_3&#8243; _builder_version=&#8221;4.16&#8243; _module_preset=&#8221;default&#8221; global_colors_info=&#8221;{}&#8221;][et_pb_toggle title=&#8221;Commercial&#8221; open_toggle_text_color=&#8221;#041E42&#8243; icon_color=&#8221;#64A70B&#8221; open_icon_color=&#8221;#64A70B&#8221; _builder_version=&#8221;4.16&#8243; _module_preset=&#8221;default&#8221; global_colors_info=&#8221;{}&#8221;]<\/p>\n<h3 class=\"gdlr-heading-shortcode \">Required<\/h3>\n<ul>\n<li>University education.<\/li>\n<li>Minimum three (3) years of experience developing commercial activities.<\/li>\n<li>Must provide one or two languages at negotiation level.<\/li>\n<li>Office Knowledge.<\/li>\n<li>Availability to travel.<\/li>\n<li>Driving license.<\/li>\n<\/ul>\n<p><strong>Desired requirements:<\/strong><\/p>\n<ul>\n<li>Mechanical, predictive techniques, vibration and noise knowledges.<\/li>\n<li>Vibration instrumentation, electronic monitoring equipment and instrumentation knowledges.<\/li>\n<li>Dynamic, organized, methodical, consistent and responsible person.<\/li>\n<li>Ability to work autonomously, dialogue and analysis capacity.<\/li>\n<\/ul>\n<h3 class=\"gdlr-heading-shortcode \">Offered<\/h3>\n<ul>\n<li>Stable contract.<\/li>\n<li>Immediate incorporation.<\/li>\n<li>Remuneration according to value and experience of the candidate.<\/li>\n<li>Integration in an expanding company with friendly staff.<\/li>\n<li>Specific training from the company.<\/li>\n<\/ul>\n<p>[\/et_pb_toggle][et_pb_toggle title=&#8221;Calculation Engineer&#8221; open_toggle_text_color=&#8221;#041E42&#8243; icon_color=&#8221;#64A70B&#8221; open_icon_color=&#8221;#64A70B&#8221; _builder_version=&#8221;4.16&#8243; _module_preset=&#8221;default&#8221; global_colors_info=&#8221;{}&#8221;]<\/p>\n<h3 class=\"gdlr-heading-shortcode \">Required<\/h3>\n<ul>\n<li>Mechanical or electronic engineer.<\/li>\n<li>Electronic and mechanical equipment use.<\/li>\n<li>Professional specialization courses.<\/li>\n<li>LabView programming skills.<\/li>\n<li>Availability to travel.<\/li>\n<li>Driving license.<\/li>\n<li>High level of English.<\/li>\n<\/ul>\n<p><strong>Desired requirements:<\/strong><\/p>\n<ul>\n<li>Vibration and noise knowledge.<\/li>\n<li>\u00a0Industrial plants and nuclear sector experience.<\/li>\n<li>Vibration instrumentation and electronic equipment knowledge as: sensors, microphones, recorders, adquisci\u00f3n equipment, data collectors.<\/li>\n<li>Vibration monitoring instrumentation knowledge as: SKF, Rockwell, CDI, 01dB, Bruehl, Vibro-Meter, Bently Nevada, \u2026..<\/li>\n<li>CMechanical, predictive techniques, diagnostic equipment, balanced, knowledge, \u2026<\/li>\n<\/ul>\n<h3 class=\"gdlr-heading-shortcode \">Offered<\/h3>\n<ul>\n<li>Stable contract.<\/li>\n<li>Immediate incorporation.<\/li>\n<li>Remuneration according to value and experience of the candidate.<\/li>\n<li>Integration in an expanding company with friendly staff.<\/li>\n<li>Specific training from the company.<\/li>\n<\/ul>\n<p>[\/et_pb_toggle][et_pb_toggle title=&#8221;Mechanical and\/or Electronic Engineer&#8221; open_toggle_text_color=&#8221;#041E42&#8243; icon_color=&#8221;#64A70B&#8221; open_icon_color=&#8221;#64A70B&#8221; _builder_version=&#8221;4.16&#8243; _module_preset=&#8221;default&#8221; global_colors_info=&#8221;{}&#8221;]<\/p>\n<h3 class=\"gdlr-heading-shortcode \">Required<\/h3>\n<ul>\n<li>Mechanical or electronic engineer.<\/li>\n<li>Electronic and mechanical equipment use.<\/li>\n<li>Professional specialization courses.<\/li>\n<li>LabView programming skills.<\/li>\n<li>Availability to travel.<\/li>\n<li>Driving license.<\/li>\n<li>High level of English.<\/li>\n<\/ul>\n<p><strong>Desired requirements:<\/strong><\/p>\n<ul>\n<li>Vibration and noise knowledge.<\/li>\n<li>\u00a0Industrial plants and nuclear sector experience.<\/li>\n<li>Vibration instrumentation and electronic equipment knowledge as: sensors, microphones, recorders, adquisci\u00f3n equipment, data collectors.<\/li>\n<li>Vibration monitoring instrumentation knowledge as: SKF, Rockwell, CDI, 01dB, Bruehl, Vibro-Meter, Bently Nevada, \u2026..<\/li>\n<li>CMechanical, predictive techniques, diagnostic equipment, balanced, knowledge, \u2026<\/li>\n<\/ul>\n<h3 class=\"gdlr-heading-shortcode \">Offered<\/h3>\n<ul>\n<li>Stable contract.<\/li>\n<li>Immediate incorporation.<\/li>\n<li>Remuneration according to value and experience of the candidate.<\/li>\n<li>Integration in an expanding company with friendly staff.<\/li>\n<li>Specific training from the company.<\/li>\n<\/ul>\n<p>[\/et_pb_toggle][et_pb_toggle title=&#8221;Secretary\/Administrative&#8221; open_toggle_text_color=&#8221;#041E42&#8243; icon_color=&#8221;#64A70B&#8221; open_icon_color=&#8221;#64A70B&#8221; _builder_version=&#8221;4.16&#8243; _module_preset=&#8221;default&#8221; global_colors_info=&#8221;{}&#8221;]<\/p>\n<h3 class=\"gdlr-heading-shortcode \">Required<\/h3>\n<ul>\n<li>Training in administrative and accounting area.<\/li>\n<li>Accounting, contracts, payroll and social security knowledge.<\/li>\n<li>Office package and internet browsing domain.<\/li>\n<li>High level of English.<\/li>\n<\/ul>\n<p><strong>Desired requirements:<\/strong><\/p>\n<ul>\n<li>Demonstrable previous experience in similar position.<\/li>\n<li>Solving capacity.<\/li>\n<li>Social skills.<\/li>\n<li>Planning and organization.<\/li>\n<li>Ability to work with a team.<\/li>\n<\/ul>\n<h3 class=\"gdlr-heading-shortcode \">Offered<\/h3>\n<ul>\n<li>Stable contract.<\/li>\n<li>Immediate incorporation.<\/li>\n<li>Remuneration according to value and experience of the candidate.<\/li>\n<li>Integration in an expanding company with friendly staff.<\/li>\n<li>Specific training from the company.<\/li>\n<\/ul>\n<p>[\/et_pb_toggle][\/et_pb_column][et_pb_column type=&#8221;2_3&#8243; _builder_version=&#8221;4.16&#8243; _module_preset=&#8221;default&#8221; global_colors_info=&#8221;{}&#8221;][et_pb_text _builder_version=&#8221;4.16&#8243; _module_preset=&#8221;default&#8221; global_colors_info=&#8221;{}&#8221;]<\/p>\n<p>Send us your information and your request will be considered by the human resources department.<br \/>Your data will be treated with the ulmost seriousness and discretion.<\/p>\n<p>[\/et_pb_text][et_pb_text _builder_version=&#8221;4.16&#8243; _module_preset=&#8221;default&#8221; global_colors_info=&#8221;{}&#8221;]<\/p>\n\n<div class=\"wpcf7 no-js\" id=\"wpcf7-f34871-o1\" lang=\"es-ES\" dir=\"ltr\" data-wpcf7-id=\"34871\">\n<div class=\"screen-reader-response\"><p role=\"status\" aria-live=\"polite\" aria-atomic=\"true\"><\/p> <ul><\/ul><\/div>\n<form action=\"\/en\/wp-json\/wp\/v2\/pages\/34873#wpcf7-f34871-o1\" method=\"post\" class=\"wpcf7-form init\" aria-label=\"Formulario de contacto\" enctype=\"multipart\/form-data\" novalidate=\"novalidate\" data-status=\"init\">\n<fieldset class=\"hidden-fields-container\"><input type=\"hidden\" name=\"_wpcf7\" value=\"34871\" \/><input type=\"hidden\" name=\"_wpcf7_version\" value=\"6.1.5\" \/><input type=\"hidden\" name=\"_wpcf7_locale\" value=\"es_ES\" \/><input type=\"hidden\" name=\"_wpcf7_unit_tag\" value=\"wpcf7-f34871-o1\" \/><input type=\"hidden\" name=\"_wpcf7_container_post\" value=\"0\" \/><input type=\"hidden\" name=\"_wpcf7_posted_data_hash\" value=\"\" \/><input type=\"hidden\" name=\"_wpcf7_recaptcha_response\" value=\"\" \/>\n<\/fieldset>\n<div id=\"responsive-form\" class=\"clearfix\">\n\t<div class=\"form-row\">\n\t\t<div class=\"column-third\">\n\t\t\t<p><span class=\"wpcf7-form-control-wrap\" data-name=\"your-name\"><input size=\"40\" maxlength=\"400\" class=\"wpcf7-form-control wpcf7-text wpcf7-validates-as-required\" aria-required=\"true\" aria-invalid=\"false\" placeholder=\"Nombre y Apellidos*\" value=\"\" type=\"text\" name=\"your-name\" \/><\/span>\n\t\t\t<\/p>\n\t\t<\/div>\n\t\t<div class=\"column-third\">\n\t\t\t<p><span class=\"wpcf7-form-control-wrap\" data-name=\"your-email\"><input size=\"40\" maxlength=\"400\" class=\"wpcf7-form-control wpcf7-email wpcf7-validates-as-required wpcf7-text wpcf7-validates-as-email\" aria-required=\"true\" aria-invalid=\"false\" placeholder=\"Email*\" value=\"\" type=\"email\" name=\"your-email\" \/><\/span>\n\t\t\t<\/p>\n\t\t<\/div>\n\t\t<div class=\"column-third\">\n\t\t\t<p><span class=\"wpcf7-form-control-wrap\" data-name=\"your-phone\"><input size=\"40\" maxlength=\"400\" class=\"wpcf7-form-control wpcf7-text wpcf7-validates-as-required\" aria-required=\"true\" aria-invalid=\"false\" placeholder=\"Tel\u00e9fono*\" value=\"\" type=\"text\" name=\"your-phone\" \/><\/span>\n\t\t\t<\/p>\n\t\t<\/div>\n\t<\/div>\n\t<div class=\"form-row\">\n\t\t<div class=\"column-third\">\n\t\t\t<p><span class=\"wpcf7-form-control-wrap\" data-name=\"direccion\"><input size=\"40\" maxlength=\"400\" class=\"wpcf7-form-control wpcf7-text wpcf7-validates-as-required\" aria-required=\"true\" aria-invalid=\"false\" placeholder=\"Direcci\u00f3n*\" value=\"\" type=\"text\" name=\"direccion\" \/><\/span>\n\t\t\t<\/p>\n\t\t<\/div>\n\t\t<div class=\"column-third\">\n\t\t\t<p><span class=\"wpcf7-form-control-wrap\" data-name=\"localidad\"><input size=\"40\" maxlength=\"400\" class=\"wpcf7-form-control wpcf7-text wpcf7-validates-as-required\" aria-required=\"true\" aria-invalid=\"false\" placeholder=\"Localidad*\" value=\"\" type=\"text\" name=\"localidad\" \/><\/span>\n\t\t\t<\/p>\n\t\t<\/div>\n\t\t<div class=\"column-third\">\n\t\t\t<p><span class=\"wpcf7-form-control-wrap\" data-name=\"codigopostal\"><input size=\"40\" maxlength=\"400\" class=\"wpcf7-form-control wpcf7-text wpcf7-validates-as-required\" aria-required=\"true\" aria-invalid=\"false\" placeholder=\"C\u00f3digo Postal*\" value=\"\" type=\"text\" name=\"codigopostal\" \/><\/span>\n\t\t\t<\/p>\n\t\t<\/div>\n\t<\/div>\n\t<div class=\"form-row\">\n\t\t<div class=\"column-third\">\n\t\t\t<p><span class=\"wpcf7-form-control-wrap\" data-name=\"provincia\"><input size=\"40\" maxlength=\"400\" class=\"wpcf7-form-control wpcf7-text wpcf7-validates-as-required\" aria-required=\"true\" aria-invalid=\"false\" placeholder=\"Provincia*\" value=\"\" type=\"text\" name=\"provincia\" \/><\/span>\n\t\t\t<\/p>\n\t\t<\/div>\n\t\t<div class=\"column-third\">\n\t\t\t<p><span class=\"wpcf7-form-control-wrap\" data-name=\"estudios\"><input size=\"40\" maxlength=\"400\" class=\"wpcf7-form-control wpcf7-text wpcf7-validates-as-required\" aria-required=\"true\" aria-invalid=\"false\" placeholder=\"Estudios*\" value=\"\" type=\"text\" name=\"estudios\" \/><\/span>\n\t\t\t<\/p>\n\t\t<\/div>\n\t\t<div class=\"column-third\">\n\t\t\t<p><span class=\"wpcf7-form-control-wrap\" data-name=\"titulacion\"><input size=\"40\" maxlength=\"400\" class=\"wpcf7-form-control wpcf7-text wpcf7-validates-as-required\" aria-required=\"true\" aria-invalid=\"false\" placeholder=\"Titulaci\u00f3n*\" value=\"\" type=\"text\" name=\"titulacion\" \/><\/span>\n\t\t\t<\/p>\n\t\t<\/div>\n\t<\/div>\n\t<div class=\"form-row\">\n\t\t<div class=\"column-full\">\n\t\t\t<p><label>Seleccione la oferta<\/label><span class=\"wpcf7-form-control-wrap\" data-name=\"oferta\"><select class=\"wpcf7-form-control wpcf7-select\" aria-invalid=\"false\" multiple=\"multiple\" name=\"oferta[]\"><option value=\"Comercial\">Comercial<\/option><option value=\"Ingeniero de C\u00e1lculo\">Ingeniero de C\u00e1lculo<\/option><option value=\"Ingeniero Mec\u00e1nico\/Electr\u00f3nico\">Ingeniero Mec\u00e1nico\/Electr\u00f3nico<\/option><option value=\"Secretario\/a Administrativo\/a\">Secretario\/a Administrativo\/a<\/option><option value=\"Pr\u00e1cticas estudiantes\">Pr\u00e1cticas estudiantes<\/option><\/select><\/span>\n\t\t\t<\/p>\n\t\t<\/div>\n\t<\/div>\n\t<div class=\"form-row\">\n\t\t<div class=\"column-full\">\n\t\t\t<p><label>Si lo desea puedes enviarnos su curriculum (formatos admitidos: pdf, doc, docx) <\/label><span class=\"wpcf7-form-control-wrap\" data-name=\"adjunto\"><input size=\"40\" class=\"wpcf7-form-control wpcf7-file\" accept=\".pdf,.doc,.docx\" aria-invalid=\"false\" type=\"file\" name=\"adjunto\" \/><\/span>\n\t\t\t<\/p>\n\t\t<\/div>\n\t<\/div>\n\t<div class=\"form-row\">\n\t\t<div class=\"column-full\">\n\t\t\t<p><span class=\"wpcf7-form-control-wrap\" data-name=\"your-message\"><textarea cols=\"40\" rows=\"10\" maxlength=\"2000\" class=\"wpcf7-form-control wpcf7-textarea\" aria-invalid=\"false\" placeholder=\"Tu Mensaje\" name=\"your-message\"><\/textarea><\/span>\n\t\t\t<\/p>\n\t\t<\/div>\n\t<\/div>\n\t<div class=\"form-row\">\n\t\t<div class=\"column-full\">\n\t\t\t<p><span class=\"wpcf7-form-control-wrap\" data-name=\"aceptacion-privacidad\"><span class=\"wpcf7-form-control wpcf7-acceptance\"><span class=\"wpcf7-list-item\"><input type=\"checkbox\" name=\"aceptacion-privacidad\" value=\"1\" aria-invalid=\"false\" \/><\/span><\/span><\/span> Marcando esta casilla, declaras que has le\u00eddo y aceptas el tratamiento de tus datos con las finalidades descritas en nuestra <a target=\"_blank\" href=\"https:\/\/tsisl.es\/es\/politica-de-privacidad\/\">Pol\u00edtica de Privacidad<\/a>.\n\t\t\t<\/p>\n\t\t<\/div>\n\t<\/div>\n\t<div class=\"form-row\">\n\t\t<div class=\"column-full\">\n\t\t\t<p><span class=\"wpcf7-form-control-wrap\" data-name=\"aceptacion-marketing\"><span class=\"wpcf7-form-control wpcf7-acceptance\"><span class=\"wpcf7-list-item\"><input type=\"checkbox\" name=\"aceptacion-marketing\" value=\"1\" aria-invalid=\"false\" \/><\/span><\/span><\/span> Marcando esta casilla, aceptas recibir comunicaciones comerciales relacionadas con nuestra entidad a trav\u00e9s del tel\u00e9fono, correo postal ordinario, fax, correo electr\u00f3nico o medios de comunicaci\u00f3n electr\u00f3nica equivalentes.\n\t\t\t<\/p>\n\t\t<\/div>\n\t<\/div>\n\t<div class=\"form-row\">\n\t\t<div class=\"column-full\">\n\t\t\t<p><input class=\"wpcf7-form-control wpcf7-submit has-spinner\" type=\"submit\" value=\"Enviar\" \/>\n\t\t\t<\/p>\n\t\t<\/div>\n\t<\/div>\n<\/div><!--end responsive-form--><div class=\"wpcf7-response-output\" aria-hidden=\"true\"><\/div>\n<\/form>\n<\/div>\n\n<p>[\/et_pb_text][\/et_pb_column][\/et_pb_row][\/et_pb_section]<\/p>\n<span class=\"et_bloom_bottom_trigger\"><\/span>","protected":false},"excerpt":{"rendered":"<p>Careers TSIRequired University education. Minimum three (3) years of experience developing commercial activities. Must provide one or two languages at negotiation level. Office Knowledge. Availability to travel. Driving license. Desired requirements: Mechanical, predictive techniques, vibration and noise knowledges. Vibration instrumentation, electronic monitoring equipment and instrumentation knowledges. Dynamic, organized, methodical, consistent and responsible person. Ability to [&hellip;]<\/p>\n","protected":false},"author":4,"featured_media":0,"parent":0,"menu_order":0,"comment_status":"closed","ping_status":"closed","template":"","meta":{"_et_pb_use_builder":"on","_et_pb_old_content":"","_et_gb_content_width":"","footnotes":""},"class_list":["post-34873","page","type-page","status-publish","hentry"],"aioseo_notices":[],"_links":{"self":[{"href":"https:\/\/tsisl.es\/en\/wp-json\/wp\/v2\/pages\/34873","targetHints":{"allow":["GET"]}}],"collection":[{"href":"https:\/\/tsisl.es\/en\/wp-json\/wp\/v2\/pages"}],"about":[{"href":"https:\/\/tsisl.es\/en\/wp-json\/wp\/v2\/types\/page"}],"author":[{"embeddable":true,"href":"https:\/\/tsisl.es\/en\/wp-json\/wp\/v2\/users\/4"}],"replies":[{"embeddable":true,"href":"https:\/\/tsisl.es\/en\/wp-json\/wp\/v2\/comments?post=34873"}],"version-history":[{"count":8,"href":"https:\/\/tsisl.es\/en\/wp-json\/wp\/v2\/pages\/34873\/revisions"}],"predecessor-version":[{"id":38588,"href":"https:\/\/tsisl.es\/en\/wp-json\/wp\/v2\/pages\/34873\/revisions\/38588"}],"wp:attachment":[{"href":"https:\/\/tsisl.es\/en\/wp-json\/wp\/v2\/media?parent=34873"}],"curies":[{"name":"wp","href":"https:\/\/api.w.org\/{rel}","templated":true}]}}